{"id":1661,"date":"2020-12-11T12:27:31","date_gmt":"2020-12-11T16:27:31","guid":{"rendered":"http:\/\/nitrex.gxinteractive.com\/management\/olivier-caurette-copy\/"},"modified":"2021-03-16T18:19:01","modified_gmt":"2021-03-16T22:19:01","slug":"normand-macaulay","status":"publish","type":"page","link":"https:\/\/nitrex.gxinteractive.com\/en\/company\/management\/normand-macaulay\/","title":{"rendered":"NORMAND MACAULAY"},"content":{"rendered":"\t\t<div data-elementor-type=\"wp-page\" data-elementor-id=\"1661\" class=\"elementor elementor-1661\" data-elementor-settings=\"[]\">\n\t\t\t\t\t\t<div class=\"elementor-inner\">\n\t\t\t\t\t\t\t<div class=\"elementor-section-wrap\">\n\t\t\t\t\t\t\t<section class=\"elementor-section elementor-top-section elementor-element elementor-element-374fbba elementor-section-boxed elementor-section-height-default elementor-section-height-default\" data-id=\"374fbba\" data-element_type=\"section\" data-settings=\"{&quot;background_background&quot;:&quot;classic&quot;}\">\n\t\t\t\t\t\t<div class=\"elementor-container elementor-column-gap-default\">\n\t\t\t\t\t\t\t<div class=\"elementor-row\">\n\t\t\t\t\t<div class=\"elementor-column elementor-col-100 elementor-top-column elementor-element elementor-element-7fe9127\" data-id=\"7fe9127\" data-element_type=\"column\">\n\t\t\t<div class=\"elementor-column-wrap elementor-element-populated\">\n\t\t\t\t\t\t\t<div class=\"elementor-widget-wrap\">\n\t\t\t\t\t\t<section class=\"elementor-section elementor-inner-section elementor-element elementor-element-7f4d528 elementor-section-boxed elementor-section-height-default elementor-section-height-default\" data-id=\"7f4d528\" data-element_type=\"section\">\n\t\t\t\t\t\t<div class=\"elementor-container elementor-column-gap-default\">\n\t\t\t\t\t\t\t<div class=\"elementor-row\">\n\t\t\t\t\t<div class=\"elementor-column elementor-col-33 elementor-inner-column elementor-element elementor-element-3b7b992\" data-id=\"3b7b992\" data-element_type=\"column\">\n\t\t\t<div class=\"elementor-column-wrap elementor-element-populated\">\n\t\t\t\t\t\t\t<div class=\"elementor-widget-wrap\">\n\t\t\t\t\t\t<div class=\"elementor-element elementor-element-ebbd137 elementor-widget elementor-widget-image\" data-id=\"ebbd137\" data-element_type=\"widget\" data-widget_type=\"image.default\">\n\t\t\t\t<div class=\"elementor-widget-container\">\n\t\t\t\t\t<div class=\"elementor-image\">\n\t\t\t\t\t\t\t\t\t\t<img width=\"550\" height=\"450\" src=\"https:\/\/nitrex.gxinteractive.com\/wp-content\/uploads\/2020\/12\/NORMAND_MACAULAY.jpg\" class=\"attachment-full size-full\" alt=\"\" loading=\"lazy\" srcset=\"https:\/\/nitrex.gxinteractive.com\/wp-content\/uploads\/2020\/12\/NORMAND_MACAULAY.jpg 550w, https:\/\/nitrex.gxinteractive.com\/wp-content\/uploads\/2020\/12\/NORMAND_MACAULAY-300x245.jpg 300w\" sizes=\"(max-width: 550px) 100vw, 550px\" \/>\t\t\t\t\t\t\t\t\t\t\t<\/div>\n\t\t\t\t<\/div>\n\t\t\t\t<\/div>\n\t\t\t\t\t\t<\/div>\n\t\t\t\t\t<\/div>\n\t\t<\/div>\n\t\t\t\t<div class=\"elementor-column elementor-col-33 elementor-inner-column elementor-element elementor-element-84e3d68\" data-id=\"84e3d68\" data-element_type=\"column\">\n\t\t\t<div class=\"elementor-column-wrap\">\n\t\t\t\t\t\t\t<div class=\"elementor-widget-wrap\">\n\t\t\t\t\t\t\t\t<\/div>\n\t\t\t\t\t<\/div>\n\t\t<\/div>\n\t\t\t\t<div class=\"elementor-column elementor-col-33 elementor-inner-column elementor-element elementor-element-d654398\" data-id=\"d654398\" data-element_type=\"column\">\n\t\t\t<div class=\"elementor-column-wrap elementor-element-populated\">\n\t\t\t\t\t\t\t<div class=\"elementor-widget-wrap\">\n\t\t\t\t\t\t<div class=\"elementor-element elementor-element-22aa2e8 elementor-widget elementor-widget-text-editor\" data-id=\"22aa2e8\" data-element_type=\"widget\" data-widget_type=\"text-editor.default\">\n\t\t\t\t<div class=\"elementor-widget-container\">\n\t\t\t\t\t<div class=\"elementor-text-editor elementor-clearfix\"><div><b><span lang=\"EN-US\">NORMAND MACAULAY<\/span><\/b><\/div><\/div>\n\t\t\t\t<\/div>\n\t\t\t\t<\/div>\n\t\t\t\t<div class=\"elementor-element elementor-element-b4aeba2 elementor-widget elementor-widget-text-editor\" data-id=\"b4aeba2\" data-element_type=\"widget\" data-widget_type=\"text-editor.default\">\n\t\t\t\t<div class=\"elementor-widget-container\">\n\t\t\t\t\t<div class=\"elementor-text-editor elementor-clearfix\"><p>CHIEF FINANCIAL OFFICER<\/p><\/div>\n\t\t\t\t<\/div>\n\t\t\t\t<\/div>\n\t\t\t\t<div class=\"elementor-element elementor-element-240e7b1 elementor-widget-divider--view-line elementor-widget elementor-widget-divider\" data-id=\"240e7b1\" data-element_type=\"widget\" data-widget_type=\"divider.default\">\n\t\t\t\t<div class=\"elementor-widget-container\">\n\t\t\t\t\t<div class=\"elementor-divider\">\n\t\t\t<span class=\"elementor-divider-separator\">\n\t\t\t\t\t\t<\/span>\n\t\t<\/div>\n\t\t\t\t<\/div>\n\t\t\t\t<\/div>\n\t\t\t\t<div class=\"elementor-element elementor-element-7d64969 elementor-widget elementor-widget-text-editor\" data-id=\"7d64969\" data-element_type=\"widget\" data-widget_type=\"text-editor.default\">\n\t\t\t\t<div class=\"elementor-widget-container\">\n\t\t\t\t\t<div class=\"elementor-text-editor elementor-clearfix\"><p>Normand Macaulay joined Nitrex as Chief Financial Officer in late 2019. Over the last 20 years, he has built a wealth of experience in running the day-to-day operations of finance and accounting and has developed a solid track record assisting businesses to develop and execute their strategic plans.<\/p><\/div>\n\t\t\t\t<\/div>\n\t\t\t\t<\/div>\n\t\t\t\t<div class=\"elementor-element elementor-element-c6d1de2 elementor-widget elementor-widget-heading\" data-id=\"c6d1de2\" data-element_type=\"widget\" data-widget_type=\"heading.default\">\n\t\t\t\t<div class=\"elementor-widget-container\">\n\t\t\t<h2 class=\"elementor-heading-title elementor-size-default\">BRINGING A WEALTH OF EXPERIENCE IN RUNNING THE DAY-TO-DAY OPERATIONS OF FINANCE AND ACCOUNTING<\/h2>\t\t<\/div>\n\t\t\t\t<\/div>\n\t\t\t\t<div class=\"elementor-element elementor-element-d3ac926 elementor-widget elementor-widget-text-editor\" data-id=\"d3ac926\" data-element_type=\"widget\" data-widget_type=\"text-editor.default\">\n\t\t\t\t<div class=\"elementor-widget-container\">\n\t\t\t\t\t<div class=\"elementor-text-editor elementor-clearfix\"><p>Before his tenure at Nitrex, Normand spent 8 years at Wajax Corporation (WJX: TSX), and the last 6 years serving as Vice President Finance. In this role, he led the company through a series of acquisitions and transformed the finance functions from a 3-division structure into a single, streamlined function.<\/p><p>Normand spent the first part of his career at KPMG honing his craft in the assurance and transaction advisory practices. Normand holds a Bachelor\u2019s of Commerce degree from Concordia University and earned his Chartered Accountancy designation from the Ordre des Comptables Agr\u00e9\u00e9s du Qu\u00e9bec in 2004.<\/p><\/div>\n\t\t\t\t<\/div>\n\t\t\t\t<\/div>\n\t\t\t\t\t\t<\/div>\n\t\t\t\t\t<\/div>\n\t\t<\/div>\n\t\t\t\t\t\t\t\t<\/div>\n\t\t\t\t\t<\/div>\n\t\t<\/section>\n\t\t\t\t\t\t<\/div>\n\t\t\t\t\t<\/div>\n\t\t<\/div>\n\t\t\t\t\t\t\t\t<\/div>\n\t\t\t\t\t<\/div>\n\t\t<\/section>\n\t\t\t\t\t\t<\/div>\n\t\t\t\t\t\t<\/div>\n\t\t\t\t\t<\/div>\n\t\t","protected":false},"excerpt":{"rendered":"<p>NORMAND MACAULAY CHIEF FINANCIAL OFFICER Normand Macaulay joined Nitrex as Chief Financial Officer in late 2019. Over the last 20 years, he has built a wealth of experience in running the day-to-day operations of finance and accounting and has developed a solid track record assisting businesses to develop and execute their strategic plans. BRINGING A [&hellip;]<\/p>\n","protected":false},"author":2,"featured_media":0,"parent":1301,"menu_order":0,"comment_status":"closed","ping_status":"closed","template":"","meta":{"spay_email":""},"new_scheduled_revision":null,"save_as_revision":null,"_links":{"self":[{"href":"https:\/\/nitrex.gxinteractive.com\/en\/wp-json\/wp\/v2\/pages\/1661"}],"collection":[{"href":"https:\/\/nitrex.gxinteractive.com\/en\/wp-json\/wp\/v2\/pages"}],"about":[{"href":"https:\/\/nitrex.gxinteractive.com\/en\/wp-json\/wp\/v2\/types\/page"}],"author":[{"embeddable":true,"href":"https:\/\/nitrex.gxinteractive.com\/en\/wp-json\/wp\/v2\/users\/2"}],"replies":[{"embeddable":true,"href":"https:\/\/nitrex.gxinteractive.com\/en\/wp-json\/wp\/v2\/comments?post=1661"}],"version-history":[{"count":15,"href":"https:\/\/nitrex.gxinteractive.com\/en\/wp-json\/wp\/v2\/pages\/1661\/revisions"}],"predecessor-version":[{"id":9440,"href":"https:\/\/nitrex.gxinteractive.com\/en\/wp-json\/wp\/v2\/pages\/1661\/revisions\/9440"}],"up":[{"embeddable":true,"href":"https:\/\/nitrex.gxinteractive.com\/en\/wp-json\/wp\/v2\/pages\/1301"}],"wp:attachment":[{"href":"https:\/\/nitrex.gxinteractive.com\/en\/wp-json\/wp\/v2\/media?parent=1661"}],"curies":[{"name":"wp","href":"https:\/\/api.w.org\/{rel}","templated":true}]}}